{"id":6,"date":"2024-07-13T18:04:46","date_gmt":"2024-07-13T18:04:46","guid":{"rendered":"https:\/\/xn--bestniende-45a.dk\/?page_id=6"},"modified":"2024-12-10T08:13:51","modified_gmt":"2024-12-10T08:13:51","slug":"forside","status":"publish","type":"page","link":"https:\/\/xn--bestniende-45a.dk\/","title":{"rendered":"FORSIDE"},"content":{"rendered":"\n<div class=\"wp-block-columns is-layout-flex wp-container-core-columns-is-layout-9d6595d7 wp-block-columns-is-layout-flex\">\n<div class=\"wp-block-column is-layout-flow wp-block-column-is-layout-flow\"><\/div>\n<\/div>\n\n\n\n<p>At best\u00e5 folkeskolens niende klasse er en vigtig milep\u00e6l for b\u00e5de dig og dine for\u00e6ldre. Det er et skridt mod at opn\u00e5 en grundl\u00e6ggende uddannelse og \u00e5bner d\u00f8ren for mange fremtidige muligheder. Uanset om du har haft en god eller d\u00e5rlig skolegang indtil nu, er det aldrig for sent at tage kontrol over din egen situation og det starter med at<strong> best\u00e5 niende klasse<\/strong>.<br><br>P\u00e5 denne side vil vi give tips og r\u00e5d til dig og dine for\u00e6ldre for at hj\u00e6lpe dig til at best\u00e5 niende klasse, uanset dit nuv\u00e6rende niveau. Vi vil se p\u00e5, hvordan du hurtigt og effektivt kan forbedre dine studievaner, h\u00e5ndtere eksamensstress og finde st\u00f8tte og ressourcer til at klare dig godt i eksamenssituationen. Vi tilbyder ogs\u00e5 at give ideer til hvordan man kan styrke kommunikation mellem dig, dine for\u00e6ldre og skolens l\u00e6rere for at skabe de bedste betingelser for succes. Husk at l\u00e6rerne som udgangspunkt ogs\u00e5 er interesseret i at du kommer godt videre.<br><br>Uanset hvilken baggrund eller erfaring du har med skolegang, vil denne side kan v\u00e6re en nyttig ressource til at navigere gennem folkeskolens afsluttende pr\u00f8ve med succes.<\/p>\n","protected":false},"excerpt":{"rendered":"<p>At best\u00e5 folkeskolens niende klasse er en vigtig milep\u00e6l for b\u00e5de dig og dine for\u00e6ldre. Det er et skridt mod at opn\u00e5 en grundl\u00e6ggende uddannelse og \u00e5bner d\u00f8ren for mange fremtidige muligheder. Uanset om du har haft en god eller d\u00e5rlig skolegang indtil nu, er det aldrig for sent at tage kontrol over din egen [&hellip;]<\/p>\n","protected":false},"author":1,"featured_media":0,"parent":0,"menu_order":0,"comment_status":"closed","ping_status":"closed","template":"","meta":{"ocean_post_layout":"","ocean_both_sidebars_style":"","ocean_both_sidebars_content_width":0,"ocean_both_sidebars_sidebars_width":0,"ocean_sidebar":"","ocean_second_sidebar":"","ocean_disable_margins":"enable","ocean_add_body_class":"","ocean_shortcode_before_top_bar":"","ocean_shortcode_after_top_bar":"","ocean_shortcode_before_header":"","ocean_shortcode_after_header":"","ocean_has_shortcode":"","ocean_shortcode_after_title":"","ocean_shortcode_before_footer_widgets":"","ocean_shortcode_after_footer_widgets":"","ocean_shortcode_before_footer_bottom":"","ocean_shortcode_after_footer_bottom":"","ocean_display_top_bar":"default","ocean_display_header":"default","ocean_header_style":"","ocean_center_header_left_menu":"","ocean_custom_header_template":"","ocean_custom_logo":0,"ocean_custom_retina_logo":0,"ocean_custom_logo_max_width":0,"ocean_custom_logo_tablet_max_width":0,"ocean_custom_logo_mobile_max_width":0,"ocean_custom_logo_max_height":0,"ocean_custom_logo_tablet_max_height":0,"ocean_custom_logo_mobile_max_height":0,"ocean_header_custom_menu":"","ocean_menu_typo_font_family":"","ocean_menu_typo_font_subset":"","ocean_menu_typo_font_size":0,"ocean_menu_typo_font_size_tablet":0,"ocean_menu_typo_font_size_mobile":0,"ocean_menu_typo_font_size_unit":"px","ocean_menu_typo_font_weight":"","ocean_menu_typo_font_weight_tablet":"","ocean_menu_typo_font_weight_mobile":"","ocean_menu_typo_transform":"","ocean_menu_typo_transform_tablet":"","ocean_menu_typo_transform_mobile":"","ocean_menu_typo_line_height":0,"ocean_menu_typo_line_height_tablet":0,"ocean_menu_typo_line_height_mobile":0,"ocean_menu_typo_line_height_unit":"","ocean_menu_typo_spacing":0,"ocean_menu_typo_spacing_tablet":0,"ocean_menu_typo_spacing_mobile":0,"ocean_menu_typo_spacing_unit":"","ocean_menu_link_color":"","ocean_menu_link_color_hover":"","ocean_menu_link_color_active":"","ocean_menu_link_background":"","ocean_menu_link_hover_background":"","ocean_menu_link_active_background":"","ocean_menu_social_links_bg":"","ocean_menu_social_hover_links_bg":"","ocean_menu_social_links_color":"","ocean_menu_social_hover_links_color":"","ocean_disable_title":"default","ocean_disable_heading":"default","ocean_post_title":"","ocean_post_subheading":"","ocean_post_title_style":"","ocean_post_title_background_color":"","ocean_post_title_background":0,"ocean_post_title_bg_image_position":"","ocean_post_title_bg_image_attachment":"","ocean_post_title_bg_image_repeat":"","ocean_post_title_bg_image_size":"","ocean_post_title_height":0,"ocean_post_title_bg_overlay":0.5,"ocean_post_title_bg_overlay_color":"","ocean_disable_breadcrumbs":"default","ocean_breadcrumbs_color":"","ocean_breadcrumbs_separator_color":"","ocean_breadcrumbs_links_color":"","ocean_breadcrumbs_links_hover_color":"","ocean_display_footer_widgets":"default","ocean_display_footer_bottom":"default","ocean_custom_footer_template":"","footnotes":""},"class_list":["post-6","page","type-page","status-publish","hentry","entry"],"_links":{"self":[{"href":"https:\/\/xn--bestniende-45a.dk\/index.php?rest_route=\/wp\/v2\/pages\/6","targetHints":{"allow":["GET"]}}],"collection":[{"href":"https:\/\/xn--bestniende-45a.dk\/index.php?rest_route=\/wp\/v2\/pages"}],"about":[{"href":"https:\/\/xn--bestniende-45a.dk\/index.php?rest_route=\/wp\/v2\/types\/page"}],"author":[{"embeddable":true,"href":"https:\/\/xn--bestniende-45a.dk\/index.php?rest_route=\/wp\/v2\/users\/1"}],"replies":[{"embeddable":true,"href":"https:\/\/xn--bestniende-45a.dk\/index.php?rest_route=%2Fwp%2Fv2%2Fcomments&post=6"}],"version-history":[{"count":6,"href":"https:\/\/xn--bestniende-45a.dk\/index.php?rest_route=\/wp\/v2\/pages\/6\/revisions"}],"predecessor-version":[{"id":93,"href":"https:\/\/xn--bestniende-45a.dk\/index.php?rest_route=\/wp\/v2\/pages\/6\/revisions\/93"}],"wp:attachment":[{"href":"https:\/\/xn--bestniende-45a.dk\/index.php?rest_route=%2Fwp%2Fv2%2Fmedia&parent=6"}],"curies":[{"name":"wp","href":"https:\/\/api.w.org\/{rel}","templated":true}]}}