{"id":90,"date":"2024-12-10T08:12:06","date_gmt":"2024-12-10T08:12:06","guid":{"rendered":"https:\/\/xn--bestniende-45a.dk\/?page_id=90"},"modified":"2024-12-11T06:57:03","modified_gmt":"2024-12-11T06:57:03","slug":"gratis-materialer","status":"publish","type":"page","link":"https:\/\/xn--bestniende-45a.dk\/?page_id=90","title":{"rendered":"Gratis materialer"},"content":{"rendered":"\n<p>F\u00f8lgende er eksempler p\u00e5 opretholdende undervisningsmaterialer, opretholdende betyder i denne sammenh\u00e6ng at opgaverne er ment som simple opgaver som du selv kan sidde med for at holde dine kundskaber vedlige, opgaverne kr\u00e6ver derfor ikke at du samtidigt skal l\u00e6se andre materialer eller at du selv skal ops\u00f8ge informationer andre steder men er t\u00e6nkt som en st\u00f8tte til at opbygge rutiner i forhold til at l\u00e6se og l\u00f8se opgaver.<br><br>Opgaverne bliver skiftet ud l\u00f8bende s\u00e5 der vil altid v\u00e6re forskellige eksempler der passer til \u00e5rstiden.<br><br><strong>Engelsk:<\/strong><br><br>Opgaverne er &#8220;l\u00e6s og forst\u00e5&#8221; opgaver med f\u00f8rst en side tekst efterfulgt af 8 sp\u00f8rgsm\u00e5l som skal besvares skriftligt, desuden er opgaverne gentaget som afkrydsningsopgaver med 3 svarmuligheder. Niveauet passer til 7-9 klasse.<\/p>\n\n\n\n<div data-wp-interactive=\"core\/file\" class=\"wp-block-file\"><object data-wp-bind--hidden=\"!state.hasPdfPreview\" hidden class=\"wp-block-file__embed\" data=\"https:\/\/xn--bestniende-45a.dk\/wp-content\/uploads\/2024\/12\/The-Christmas-Ghost.pdf\" type=\"application\/pdf\" style=\"width:100%;height:600px\" aria-label=\"Embed The Christmas Ghost.\"><\/object><a id=\"wp-block-file--media-1c3d3446-d35e-4e6f-9f91-db6b05cfa391\" href=\"https:\/\/xn--bestniende-45a.dk\/wp-content\/uploads\/2024\/12\/The-Christmas-Ghost.pdf\">The Christmas Ghost<\/a><a href=\"https:\/\/xn--bestniende-45a.dk\/wp-content\/uploads\/2024\/12\/The-Christmas-Ghost.pdf\" class=\"wp-block-file__button wp-element-button\" download aria-describedby=\"wp-block-file--media-1c3d3446-d35e-4e6f-9f91-db6b05cfa391\">Download<\/a><\/div>\n\n\n\n<p><\/p>\n\n\n\n<div data-wp-interactive=\"core\/file\" class=\"wp-block-file\"><object data-wp-bind--hidden=\"!state.hasPdfPreview\" hidden class=\"wp-block-file__embed\" data=\"https:\/\/xn--bestniende-45a.dk\/wp-content\/uploads\/2024\/12\/The-Lost-Christmas-Star-1.pdf\" type=\"application\/pdf\" style=\"width:100%;height:600px\" aria-label=\"Embed The Lost Christmas Star.\"><\/object><a id=\"wp-block-file--media-6349d31c-6f7a-4a79-91c9-94eeb32af884\" href=\"https:\/\/xn--bestniende-45a.dk\/wp-content\/uploads\/2024\/12\/The-Lost-Christmas-Star-1.pdf\">The Lost Christmas Star<\/a><a href=\"https:\/\/xn--bestniende-45a.dk\/wp-content\/uploads\/2024\/12\/The-Lost-Christmas-Star-1.pdf\" class=\"wp-block-file__button wp-element-button\" download aria-describedby=\"wp-block-file--media-6349d31c-6f7a-4a79-91c9-94eeb32af884\">Download<\/a><\/div>\n\n\n\n<div data-wp-interactive=\"core\/file\" class=\"wp-block-file\"><object data-wp-bind--hidden=\"!state.hasPdfPreview\" hidden class=\"wp-block-file__embed\" data=\"https:\/\/xn--bestniende-45a.dk\/wp-content\/uploads\/2024\/12\/The-Christmas-Ghost-1.pdf\" type=\"application\/pdf\" style=\"width:100%;height:600px\" aria-label=\"Embed The Christmas Ghost.\"><\/object><a id=\"wp-block-file--media-d880fccc-8964-4e8d-9b06-ac172cd04ab9\" href=\"https:\/\/xn--bestniende-45a.dk\/wp-content\/uploads\/2024\/12\/The-Christmas-Ghost-1.pdf\">The Christmas Ghost<\/a><a href=\"https:\/\/xn--bestniende-45a.dk\/wp-content\/uploads\/2024\/12\/The-Christmas-Ghost-1.pdf\" class=\"wp-block-file__button wp-element-button\" download aria-describedby=\"wp-block-file--media-d880fccc-8964-4e8d-9b06-ac172cd04ab9\">Download<\/a><\/div>\n\n\n\n<div data-wp-interactive=\"core\/file\" class=\"wp-block-file\"><object data-wp-bind--hidden=\"!state.hasPdfPreview\" hidden class=\"wp-block-file__embed\" data=\"https:\/\/xn--bestniende-45a.dk\/wp-content\/uploads\/2024\/12\/A-Christmas-Surprise-1.pdf\" type=\"application\/pdf\" style=\"width:100%;height:600px\" aria-label=\"Embed A Christmas Surprise.\"><\/object><a id=\"wp-block-file--media-8ca02c93-4518-46eb-bf62-a79eadd19555\" href=\"https:\/\/xn--bestniende-45a.dk\/wp-content\/uploads\/2024\/12\/A-Christmas-Surprise-1.pdf\">A Christmas Surprise<\/a><a href=\"https:\/\/xn--bestniende-45a.dk\/wp-content\/uploads\/2024\/12\/A-Christmas-Surprise-1.pdf\" class=\"wp-block-file__button wp-element-button\" download aria-describedby=\"wp-block-file--media-8ca02c93-4518-46eb-bf62-a79eadd19555\">Download<\/a><\/div>\n\n\n\n<p><\/p>\n\n\n\n<p><strong>Naturfag:<\/strong><\/p>\n\n\n\n<p>Opgaverne minder i struktur om engelskopgaverne og fokuserer p\u00e5 forskellige naturfaglige grundemner, opgaverne er rettet mod grundl\u00e6ggende naturfagskompetencer i 7-8 klasse og d\u00e6kker et <br><\/p>\n\n\n\n<p><\/p>\n","protected":false},"excerpt":{"rendered":"<p>F\u00f8lgende er eksempler p\u00e5 opretholdende undervisningsmaterialer, opretholdende betyder i denne sammenh\u00e6ng at opgaverne er ment som simple opgaver som du selv kan sidde med for at holde dine kundskaber vedlige, opgaverne kr\u00e6ver derfor ikke at du samtidigt skal l\u00e6se andre materialer eller at du selv skal ops\u00f8ge informationer andre steder men er t\u00e6nkt som en [&hellip;]<\/p>\n","protected":false},"author":1,"featured_media":0,"parent":0,"menu_order":0,"comment_status":"closed","ping_status":"closed","template":"","meta":{"ocean_post_layout":"","ocean_both_sidebars_style":"","ocean_both_sidebars_content_width":0,"ocean_both_sidebars_sidebars_width":0,"ocean_sidebar":"","ocean_second_sidebar":"","ocean_disable_margins":"enable","ocean_add_body_class":"","ocean_shortcode_before_top_bar":"","ocean_shortcode_after_top_bar":"","ocean_shortcode_before_header":"","ocean_shortcode_after_header":"","ocean_has_shortcode":"","ocean_shortcode_after_title":"","ocean_shortcode_before_footer_widgets":"","ocean_shortcode_after_footer_widgets":"","ocean_shortcode_before_footer_bottom":"","ocean_shortcode_after_footer_bottom":"","ocean_display_top_bar":"default","ocean_display_header":"default","ocean_header_style":"","ocean_center_header_left_menu":"","ocean_custom_header_template":"","ocean_custom_logo":0,"ocean_custom_retina_logo":0,"ocean_custom_logo_max_width":0,"ocean_custom_logo_tablet_max_width":0,"ocean_custom_logo_mobile_max_width":0,"ocean_custom_logo_max_height":0,"ocean_custom_logo_tablet_max_height":0,"ocean_custom_logo_mobile_max_height":0,"ocean_header_custom_menu":"","ocean_menu_typo_font_family":"","ocean_menu_typo_font_subset":"","ocean_menu_typo_font_size":0,"ocean_menu_typo_font_size_tablet":0,"ocean_menu_typo_font_size_mobile":0,"ocean_menu_typo_font_size_unit":"px","ocean_menu_typo_font_weight":"","ocean_menu_typo_font_weight_tablet":"","ocean_menu_typo_font_weight_mobile":"","ocean_menu_typo_transform":"","ocean_menu_typo_transform_tablet":"","ocean_menu_typo_transform_mobile":"","ocean_menu_typo_line_height":0,"ocean_menu_typo_line_height_tablet":0,"ocean_menu_typo_line_height_mobile":0,"ocean_menu_typo_line_height_unit":"","ocean_menu_typo_spacing":0,"ocean_menu_typo_spacing_tablet":0,"ocean_menu_typo_spacing_mobile":0,"ocean_menu_typo_spacing_unit":"","ocean_menu_link_color":"","ocean_menu_link_color_hover":"","ocean_menu_link_color_active":"","ocean_menu_link_background":"","ocean_menu_link_hover_background":"","ocean_menu_link_active_background":"","ocean_menu_social_links_bg":"","ocean_menu_social_hover_links_bg":"","ocean_menu_social_links_color":"","ocean_menu_social_hover_links_color":"","ocean_disable_title":"default","ocean_disable_heading":"default","ocean_post_title":"","ocean_post_subheading":"","ocean_post_title_style":"","ocean_post_title_background_color":"","ocean_post_title_background":0,"ocean_post_title_bg_image_position":"","ocean_post_title_bg_image_attachment":"","ocean_post_title_bg_image_repeat":"","ocean_post_title_bg_image_size":"","ocean_post_title_height":0,"ocean_post_title_bg_overlay":0.5,"ocean_post_title_bg_overlay_color":"","ocean_disable_breadcrumbs":"default","ocean_breadcrumbs_color":"","ocean_breadcrumbs_separator_color":"","ocean_breadcrumbs_links_color":"","ocean_breadcrumbs_links_hover_color":"","ocean_display_footer_widgets":"default","ocean_display_footer_bottom":"default","ocean_custom_footer_template":"","footnotes":""},"class_list":["post-90","page","type-page","status-publish","hentry","entry"],"_links":{"self":[{"href":"https:\/\/xn--bestniende-45a.dk\/index.php?rest_route=\/wp\/v2\/pages\/90","targetHints":{"allow":["GET"]}}],"collection":[{"href":"https:\/\/xn--bestniende-45a.dk\/index.php?rest_route=\/wp\/v2\/pages"}],"about":[{"href":"https:\/\/xn--bestniende-45a.dk\/index.php?rest_route=\/wp\/v2\/types\/page"}],"author":[{"embeddable":true,"href":"https:\/\/xn--bestniende-45a.dk\/index.php?rest_route=\/wp\/v2\/users\/1"}],"replies":[{"embeddable":true,"href":"https:\/\/xn--bestniende-45a.dk\/index.php?rest_route=%2Fwp%2Fv2%2Fcomments&post=90"}],"version-history":[{"count":6,"href":"https:\/\/xn--bestniende-45a.dk\/index.php?rest_route=\/wp\/v2\/pages\/90\/revisions"}],"predecessor-version":[{"id":120,"href":"https:\/\/xn--bestniende-45a.dk\/index.php?rest_route=\/wp\/v2\/pages\/90\/revisions\/120"}],"wp:attachment":[{"href":"https:\/\/xn--bestniende-45a.dk\/index.php?rest_route=%2Fwp%2Fv2%2Fmedia&parent=90"}],"curies":[{"name":"wp","href":"https:\/\/api.w.org\/{rel}","templated":true}]}}